{"id":388,"date":"2022-10-19T00:01:40","date_gmt":"2022-10-19T03:01:40","guid":{"rendered":"https:\/\/ficc.ar\/montevideo2022\/?page_id=388"},"modified":"2022-10-19T10:18:24","modified_gmt":"2022-10-19T13:18:24","slug":"votacion-del-publico","status":"publish","type":"page","link":"https:\/\/ficc.ar\/montevideo2022\/votacion-del-publico\/","title":{"rendered":"Votaci\u00f3n del P\u00fablico"},"content":{"rendered":"<section class=\"l-section wpb_row height_medium\"><div class=\"l-section-h i-cf\"><div class=\"g-cols vc_row via_flex valign_top type_default stacking_default\"><div class=\"vc_col-sm-12 wpb_column vc_column_container\"><div class=\"vc_column-inner us_custom_112859b9\"><div class=\"wpb_wrapper\"><div class=\"wpb_text_column\"><div class=\"wpb_wrapper\"><p style=\"text-align: center;\"><div class='bootstrap-yop yop-poll-mc'>\n\t\t\t\t\t\t\t<div class=\"basic-yop-poll-container\" style=\"background-color:#ffffff; border:0px; border-style:solid; border-color:#ed0d6b; border-radius:0px; padding:10px 20px;\" data-id=\"2\" data-temp=\"basic\" data-skin=\"minimal\" data-cscheme=\"black\" data-cap=\"0\" data-access=\"guest\" data-tid=\"\" data-uid=\"d4f2b81203280c97c7b007edcb73b870\" data-pid=\"388\" data-resdet=\"percentages\" data-show-results-to=\"guest,registered\" data-show-results-moment=\"after-end-date\" data-show-results-only=\"true\" data-show-message=\"true\" data-show-results-as=\"bar\" data-sort-results-by=\"number-of-votes\" data-sort-results-rule=\"desc\"data-is-ended=\"1\" data-gdpr=\"no\" data-gdpr-sol=\"consent\" data-css=\".basic-yop-poll-container .basic-message {padding: 10px !important; background-color: rgba(255,255,255,0.2) !Important;} .basic-yop-poll-container[data-uid] .basic-vote { text-align: center; } .basic-vote a{padding: 15px 30px !important;} .basic-vote a:hover{background-color: #90bf01 !important; color:#ffffff !important; border-color:#90bf01 !important;} .basic-yop-poll-container{background-color: transparent !important;} .progress-bar{background-color: #ed0d6b !important;} .basic-yop-poll-container .basic-answers-results .progress{margin-top:0 !important;} .basic-yop-poll-container .basic-answer {margin-top: 10px !important; margin-bottom: 35px !important;} .basic-question-title h5{ color: #ed0d6b !important; font-size: 36px !important; font-weight: normal !important; margin:20px 0 35px !important;}\" data-counter=\"0\" data-load-with=\"1\" data-notification-section=\"top\"><div class=\"row\"><div class=\"col-md-12\"><div class=\"basic-inner\"><div class=\"basic-message \" style=\"border-left: 80px solid #008000; padding: 0px 10px;\" data-error=\"#ff0000\" data-success=\"#008000\"><p class=\"basic-message-text\" style=\"color:#ffffff; font-size:18px; font-weight:normal;\">Votaci\u00f3n finalizada<\/p><\/div><div class=\"basic-overlay hide\"><div class=\"basic-vote-options\"><\/div><div class=\"basic-preloader\"><div class=\"basic-windows8\"><div class=\"basic-wBall basic-wBall_1\"><div class=\"basic-wInnerBall\"><\/div><\/div><div class=\"basic-wBall basic-wBall_2\"><div class=\"basic-wInnerBall\"><\/div><\/div><div class=\"basic-wBall basic-wBall_3\"><div class=\"basic-wInnerBall\"><\/div><\/div><div class=\"basic-wBall basic-wBall_4\"><div class=\"basic-wInnerBall\"><\/div><\/div><div class=\"basic-wBall basic-wBall_5\"><div class=\"basic-wInnerBall\"><\/div><\/div><\/div><\/div><\/div><form class=\"basic-form\"><input type=\"hidden\" name=\"_token\" value=\"8d9b49f697\" autocomplete=\"off\"><div class=\"basic-elements\"><div class=\"basic-element basic-question basic-question-text-vertical\" data-id=\"2\" data-uid=\"8ae6cbb82c46236af8645ae8b0ab8244\" data-type=\"question\" data-question-type=\"text\" data-allow-multiple=\"no\" data-min=\"1\" data-max=\"1\" data-display=\"vertical\" data-colnum=\"\" data-display-others=\"no\" data-others-color=\"\" data-others=\"\"><div role=\"heading\" aria-level=\"5\" class=\"basic-question-title\" style=\"color:#ffffff; font-size:24px; font-weight:bold; text-align:left;\">Mi voto es para el film:<\/div><ul class=\"basic-answers\"><li class=\"basic-answer\" style=\"padding:0px 0px;\" data-id=\"22\" data-type=\"text\" data-vn=\"271\" data-color=\"#000000\" data-make-link=\"no\" data-link=\"\"><div class=\"basic-answer-content basic-text-vertical\"><label for=\"answer[22]\" class=\"basic-answer-label\"><input type=\"radio\" id=\"answer[22]\" name=\"answer[2]\" value=\"22\"  autocomplete=\"off\"><span class=\"basic-text\" style=\"color: #ffffff; font-size: 18px; font-weight: bold;\" tabindex=\"0\">La Danza del Cocuy<\/span><\/label><\/div><\/li><li class=\"basic-answer\" style=\"padding:0px 0px;\" data-id=\"14\" data-type=\"text\" data-vn=\"249\" data-color=\"#000000\" data-make-link=\"no\" data-link=\"\"><div class=\"basic-answer-content basic-text-vertical\"><label for=\"answer[14]\" class=\"basic-answer-label\"><input type=\"radio\" id=\"answer[14]\" name=\"answer[2]\" value=\"14\"  autocomplete=\"off\"><span class=\"basic-text\" style=\"color: #ffffff; font-size: 18px; font-weight: bold;\" tabindex=\"0\">Amazon Rasta<\/span><\/label><\/div><\/li><li class=\"basic-answer\" style=\"padding:0px 0px;\" data-id=\"27\" data-type=\"text\" data-vn=\"138\" data-color=\"#000000\" data-make-link=\"no\" data-link=\"\"><div class=\"basic-answer-content basic-text-vertical\"><label for=\"answer[27]\" class=\"basic-answer-label\"><input type=\"radio\" id=\"answer[27]\" name=\"answer[2]\" value=\"27\"  autocomplete=\"off\"><span class=\"basic-text\" style=\"color: #ffffff; font-size: 18px; font-weight: bold;\" tabindex=\"0\">Reservoir Dogs<\/span><\/label><\/div><\/li><li class=\"basic-answer\" style=\"padding:0px 0px;\" data-id=\"23\" data-type=\"text\" data-vn=\"123\" data-color=\"#000000\" data-make-link=\"no\" data-link=\"\"><div class=\"basic-answer-content basic-text-vertical\"><label for=\"answer[23]\" class=\"basic-answer-label\"><input type=\"radio\" id=\"answer[23]\" name=\"answer[2]\" value=\"23\"  autocomplete=\"off\"><span class=\"basic-text\" style=\"color: #ffffff; font-size: 18px; font-weight: bold;\" tabindex=\"0\">Lun\u00e1ticos<\/span><\/label><\/div><\/li><li class=\"basic-answer\" style=\"padding:0px 0px;\" data-id=\"15\" data-type=\"text\" data-vn=\"20\" data-color=\"#000000\" data-make-link=\"no\" data-link=\"\"><div class=\"basic-answer-content basic-text-vertical\"><label for=\"answer[15]\" class=\"basic-answer-label\"><input type=\"radio\" id=\"answer[15]\" name=\"answer[2]\" value=\"15\"  autocomplete=\"off\"><span class=\"basic-text\" style=\"color: #ffffff; font-size: 18px; font-weight: bold;\" tabindex=\"0\">Benjamim Zambraia e o Autopan\u00f3ptico<\/span><\/label><\/div><\/li><li class=\"basic-answer\" style=\"padding:0px 0px;\" data-id=\"28\" data-type=\"text\" data-vn=\"8\" data-color=\"#000000\" data-make-link=\"no\" data-link=\"\"><div class=\"basic-answer-content basic-text-vertical\"><label for=\"answer[28]\" class=\"basic-answer-label\"><input type=\"radio\" id=\"answer[28]\" name=\"answer[2]\" value=\"28\"  autocomplete=\"off\"><span class=\"basic-text\" style=\"color: #ffffff; font-size: 18px; font-weight: bold;\" tabindex=\"0\">Should I say that I use other drugs?<\/span><\/label><\/div><\/li><li class=\"basic-answer\" style=\"padding:0px 0px;\" data-id=\"16\" data-type=\"text\" data-vn=\"2\" data-color=\"#000000\" data-make-link=\"no\" data-link=\"\"><div class=\"basic-answer-content basic-text-vertical\"><label for=\"answer[16]\" class=\"basic-answer-label\"><input type=\"radio\" id=\"answer[16]\" name=\"answer[2]\" value=\"16\"  autocomplete=\"off\"><span class=\"basic-text\" style=\"color: #ffffff; font-size: 18px; font-weight: bold;\" tabindex=\"0\">Cartas de una pandemia \u2013 Carta 2<\/span><\/label><\/div><\/li><li class=\"basic-answer\" style=\"padding:0px 0px;\" data-id=\"25\" data-type=\"text\" data-vn=\"2\" data-color=\"#000000\" data-make-link=\"no\" data-link=\"\"><div class=\"basic-answer-content basic-text-vertical\"><label for=\"answer[25]\" class=\"basic-answer-label\"><input type=\"radio\" id=\"answer[25]\" name=\"answer[2]\" value=\"25\"  autocomplete=\"off\"><span class=\"basic-text\" style=\"color: #ffffff; font-size: 18px; font-weight: bold;\" tabindex=\"0\">Mate\u00edna<\/span><\/label><\/div><\/li><li class=\"basic-answer\" style=\"padding:0px 0px;\" data-id=\"20\" data-type=\"text\" data-vn=\"1\" data-color=\"#000000\" data-make-link=\"no\" data-link=\"\"><div class=\"basic-answer-content basic-text-vertical\"><label for=\"answer[20]\" class=\"basic-answer-label\"><input type=\"radio\" id=\"answer[20]\" name=\"answer[2]\" value=\"20\"  autocomplete=\"off\"><span class=\"basic-text\" style=\"color: #ffffff; font-size: 18px; font-weight: bold;\" tabindex=\"0\">Esp\u00edritu Inquieto<\/span><\/label><\/div><\/li><li class=\"basic-answer\" style=\"padding:0px 0px;\" data-id=\"17\" data-type=\"text\" data-vn=\"0\" data-color=\"#000000\" data-make-link=\"no\" data-link=\"\"><div class=\"basic-answer-content basic-text-vertical\"><label for=\"answer[17]\" class=\"basic-answer-label\"><input type=\"radio\" id=\"answer[17]\" name=\"answer[2]\" value=\"17\"  autocomplete=\"off\"><span class=\"basic-text\" style=\"color: #ffffff; font-size: 18px; font-weight: bold;\" tabindex=\"0\">Coping<\/span><\/label><\/div><\/li><li class=\"basic-answer\" style=\"padding:0px 0px;\" data-id=\"18\" data-type=\"text\" data-vn=\"0\" data-color=\"#000000\" data-make-link=\"no\" data-link=\"\"><div class=\"basic-answer-content basic-text-vertical\"><label for=\"answer[18]\" class=\"basic-answer-label\"><input type=\"radio\" id=\"answer[18]\" name=\"answer[2]\" value=\"18\"  autocomplete=\"off\"><span class=\"basic-text\" style=\"color: #ffffff; font-size: 18px; font-weight: bold;\" tabindex=\"0\">Cr\u00f3nico<\/span><\/label><\/div><\/li><li class=\"basic-answer\" style=\"padding:0px 0px;\" data-id=\"19\" data-type=\"text\" data-vn=\"0\" data-color=\"#000000\" data-make-link=\"no\" data-link=\"\"><div class=\"basic-answer-content basic-text-vertical\"><label for=\"answer[19]\" class=\"basic-answer-label\"><input type=\"radio\" id=\"answer[19]\" name=\"answer[2]\" value=\"19\"  autocomplete=\"off\"><span class=\"basic-text\" style=\"color: #ffffff; font-size: 18px; font-weight: bold;\" tabindex=\"0\">Dangerous Sun<\/span><\/label><\/div><\/li><li class=\"basic-answer\" style=\"padding:0px 0px;\" data-id=\"21\" data-type=\"text\" data-vn=\"0\" data-color=\"#000000\" data-make-link=\"no\" data-link=\"\"><div class=\"basic-answer-content basic-text-vertical\"><label for=\"answer[21]\" class=\"basic-answer-label\"><input type=\"radio\" id=\"answer[21]\" name=\"answer[2]\" value=\"21\"  autocomplete=\"off\"><span class=\"basic-text\" style=\"color: #ffffff; font-size: 18px; font-weight: bold;\" tabindex=\"0\">Glitter\u2019s Wild Women<\/span><\/label><\/div><\/li><li class=\"basic-answer\" style=\"padding:0px 0px;\" data-id=\"24\" data-type=\"text\" data-vn=\"0\" data-color=\"#000000\" data-make-link=\"no\" data-link=\"\"><div class=\"basic-answer-content basic-text-vertical\"><label for=\"answer[24]\" class=\"basic-answer-label\"><input type=\"radio\" id=\"answer[24]\" name=\"answer[2]\" value=\"24\"  autocomplete=\"off\"><span class=\"basic-text\" style=\"color: #ffffff; font-size: 18px; font-weight: bold;\" tabindex=\"0\">Maquinaciones<\/span><\/label><\/div><\/li><li class=\"basic-answer\" style=\"padding:0px 0px;\" data-id=\"26\" data-type=\"text\" data-vn=\"0\" data-color=\"#000000\" data-make-link=\"no\" data-link=\"\"><div class=\"basic-answer-content basic-text-vertical\"><label for=\"answer[26]\" class=\"basic-answer-label\"><input type=\"radio\" id=\"answer[26]\" name=\"answer[2]\" value=\"26\"  autocomplete=\"off\"><span class=\"basic-text\" style=\"color: #ffffff; font-size: 18px; font-weight: bold;\" tabindex=\"0\">Mi mundito con Monstruos<\/span><\/label><\/div><\/li><li class=\"basic-answer\" style=\"padding:0px 0px;\" data-id=\"29\" data-type=\"text\" data-vn=\"0\" data-color=\"#000000\" data-make-link=\"no\" data-link=\"\"><div class=\"basic-answer-content basic-text-vertical\"><label for=\"answer[29]\" class=\"basic-answer-label\"><input type=\"radio\" id=\"answer[29]\" name=\"answer[2]\" value=\"29\"  autocomplete=\"off\"><span class=\"basic-text\" style=\"color: #ffffff; font-size: 18px; font-weight: bold;\" tabindex=\"0\">The Harvest<\/span><\/label><\/div><\/li><li class=\"basic-answer\" style=\"padding:0px 0px;\" data-id=\"30\" data-type=\"text\" data-vn=\"0\" data-color=\"#000000\" data-make-link=\"no\" data-link=\"\"><div class=\"basic-answer-content basic-text-vertical\"><label for=\"answer[30]\" class=\"basic-answer-label\"><input type=\"radio\" id=\"answer[30]\" name=\"answer[2]\" value=\"30\"  autocomplete=\"off\"><span class=\"basic-text\" style=\"color: #ffffff; font-size: 18px; font-weight: bold;\" tabindex=\"0\">Trimmigrants<\/span><\/label><\/div><\/li><li class=\"basic-answer\" style=\"padding:0px 0px;\" data-id=\"31\" data-type=\"text\" data-vn=\"0\" data-color=\"#000000\" data-make-link=\"no\" data-link=\"\"><div class=\"basic-answer-content basic-text-vertical\"><label for=\"answer[31]\" class=\"basic-answer-label\"><input type=\"radio\" id=\"answer[31]\" name=\"answer[2]\" value=\"31\"  autocomplete=\"off\"><span class=\"basic-text\" style=\"color: #ffffff; font-size: 18px; font-weight: bold;\" tabindex=\"0\">Vivimos<\/span><\/label><\/div><\/li><\/ul><\/div><div class=\"clearfix\"><\/div><\/div><div class=\"basic-vote\"><a href=\"#\" class=\"button basic-vote-button\" role=\"button\" style=\"background:#fffc00; border:1px; border-style: solid; border-color:#ed0d6b; border-radius:10px; padding:5px 10px; color:#ed0d6b; font-size:21px; font-weight:normal;\">Votar<\/a><\/div><\/form><\/div><\/div><\/div><\/div>\n\t\t\t\t\t\t<\/div>\n<\/div><\/div><\/div><\/div><\/div><\/div><\/div><\/section>\n","protected":false},"excerpt":{"rendered":"Votaci\u00f3n finalizadaMi voto es para el film:La Danza del CocuyAmazon RastaReservoir DogsLun\u00e1ticosBenjamim Zambraia e o Autopan\u00f3pticoShould I say that I use other drugs?Cartas de una pandemia \u2013 Carta 2Mate\u00ednaEsp\u00edritu InquietoCopingCr\u00f3nicoDangerous SunGlitter\u2019s Wild WomenMaquinacionesMi mundito con MonstruosThe HarvestTrimmigrantsVivimosVotar","protected":false},"author":1,"featured_media":0,"parent":0,"menu_order":0,"comment_status":"closed","ping_status":"closed","template":"","meta":{"_acf_changed":false,"footnotes":""},"class_list":["post-388","page","type-page","status-publish","hentry"],"acf":[],"_links":{"self":[{"href":"https:\/\/ficc.ar\/montevideo2022\/wp-json\/wp\/v2\/pages\/388","targetHints":{"allow":["GET"]}}],"collection":[{"href":"https:\/\/ficc.ar\/montevideo2022\/wp-json\/wp\/v2\/pages"}],"about":[{"href":"https:\/\/ficc.ar\/montevideo2022\/wp-json\/wp\/v2\/types\/page"}],"author":[{"embeddable":true,"href":"https:\/\/ficc.ar\/montevideo2022\/wp-json\/wp\/v2\/users\/1"}],"replies":[{"embeddable":true,"href":"https:\/\/ficc.ar\/montevideo2022\/wp-json\/wp\/v2\/comments?post=388"}],"version-history":[{"count":0,"href":"https:\/\/ficc.ar\/montevideo2022\/wp-json\/wp\/v2\/pages\/388\/revisions"}],"wp:attachment":[{"href":"https:\/\/ficc.ar\/montevideo2022\/wp-json\/wp\/v2\/media?parent=388"}],"curies":[{"name":"wp","href":"https:\/\/api.w.org\/{rel}","templated":true}]}}